{"id":4762,"date":"2022-11-21T15:49:44","date_gmt":"2022-11-21T15:49:44","guid":{"rendered":"https:\/\/www.sxrd.hu\/?page_id=4762"},"modified":"2025-11-11T10:27:50","modified_gmt":"2025-11-11T10:27:50","slug":"extra-szolgaltatasok","status":"publish","type":"page","link":"https:\/\/sxrd.hu\/en\/szolgaltatasok\/extra-szolgaltatasok\/","title":{"rendered":"Massage"},"content":{"rendered":"<div data-elementor-type=\"wp-page\" data-elementor-id=\"4762\" class=\"elementor elementor-4762\" data-elementor-post-type=\"page\">\n\t\t\t\t<div class=\"elementor-element elementor-element-f59967e e-flex e-con-boxed e-con e-parent\" data-id=\"f59967e\" data-element_type=\"container\" data-e-type=\"container\">\n\t\t\t\t\t<div class=\"e-con-inner\">\n\t\t<div class=\"elementor-element elementor-element-5afbacc e-con-full e-flex e-con e-child\" data-id=\"5afbacc\" data-element_type=\"container\" data-e-type=\"container\">\n\t\t\t\t<div class=\"elementor-element elementor-element-7d6c1fa elementor-widget elementor-widget-spacer\" data-id=\"7d6c1fa\" data-element_type=\"widget\" data-e-type=\"widget\" data-widget_type=\"spacer.default\">\n\t\t\t\t<div class=\"elementor-widget-container\">\n\t\t\t\t\t\t\t<div class=\"elementor-spacer\">\n\t\t\t<div class=\"elementor-spacer-inner\"><\/div>\n\t\t<\/div>\n\t\t\t\t\t\t<\/div>\n\t\t\t\t<\/div>\n\t\t\t\t<\/div>\n\t\t\t\t\t<\/div>\n\t\t\t\t<\/div>\n\t\t<div class=\"elementor-element elementor-element-bc84ce5 e-flex e-con-boxed e-con e-parent\" data-id=\"bc84ce5\" data-element_type=\"container\" data-e-type=\"container\">\n\t\t\t\t\t<div class=\"e-con-inner\">\n\t\t\t\t<div class=\"elementor-element elementor-element-9729f9c elementor-widget elementor-widget-text-editor\" data-id=\"9729f9c\" data-element_type=\"widget\" data-e-type=\"widget\" data-widget_type=\"text-editor.default\">\n\t\t\t\t<div class=\"elementor-widget-container\">\n\t\t\t\t\t\t\t\t\t<p>Massz\u00e1zs szolg\u00e1ltat\u00e1sunk ig\u00e9nybev\u00e9tele fel\u00e1ras opci\u00f3k\u00e9nt \u00e9rhet\u0151 el, amely kellemes kieg\u00e9sz\u00edt\u00e9se lehet n\u00e1lunk t\u00f6lt\u00f6tt pihen\u00e9s\u00fcknek. Id\u0151pontfoglal\u00e1s a k\u00f6zponti el\u00e9rhet\u0151s\u00e9geinken kereszt\u00fcl lehets\u00e9ges. A szolg\u00e1ltat\u00e1s d\u00edja \u00e1tutal\u00e1ssal vagy k\u00e9szp\u00e9nzben rendezhet\u0151, k\u00f6zvetlen\u00fcl a massz\u0151rn\u00e9l, a helysz\u00ednen.<\/p>\t\t\t\t\t\t\t\t<\/div>\n\t\t\t\t<\/div>\n\t\t\t\t\t<\/div>\n\t\t\t\t<\/div>\n\t\t<div class=\"elementor-element elementor-element-157e265 e-flex e-con-boxed e-con e-parent\" data-id=\"157e265\" data-element_type=\"container\" data-e-type=\"container\">\n\t\t\t\t\t<div class=\"e-con-inner\">\n\t\t\t\t<div class=\"elementor-element elementor-element-c52ba16 elementor-widget elementor-widget-image\" data-id=\"c52ba16\" data-element_type=\"widget\" data-e-type=\"widget\" data-widget_type=\"image.default\">\n\t\t\t\t<div class=\"elementor-widget-container\">\n\t\t\t\t\t\t\t\t\t\t\t\t\t\t\t<img fetchpriority=\"high\" decoding=\"async\" width=\"800\" height=\"1000\" src=\"https:\/\/sxrd.hu\/wp-content\/uploads\/2025\/11\/sxrd.hu-masszazsszolgaltatas-489700708-639221222326474-4258620591181640338-n-819x1024.jpg\" class=\"attachment-large size-large wp-image-6248\" alt=\"\" srcset=\"https:\/\/sxrd.hu\/wp-content\/uploads\/2025\/11\/sxrd.hu-masszazsszolgaltatas-489700708-639221222326474-4258620591181640338-n-819x1024.jpg 819w, https:\/\/sxrd.hu\/wp-content\/uploads\/2025\/11\/sxrd.hu-masszazsszolgaltatas-489700708-639221222326474-4258620591181640338-n-240x300.jpg 240w, https:\/\/sxrd.hu\/wp-content\/uploads\/2025\/11\/sxrd.hu-masszazsszolgaltatas-489700708-639221222326474-4258620591181640338-n.jpg 884w\" sizes=\"(max-width: 800px) 100vw, 800px\" \/>\t\t\t\t\t\t\t\t\t\t\t\t\t\t\t<\/div>\n\t\t\t\t<\/div>\n\t\t\t\t\t<\/div>\n\t\t\t\t<\/div>\n\t\t\t\t<\/div>","protected":false},"excerpt":{"rendered":"<p>Massz\u00e1zs szolg\u00e1ltat\u00e1sunk ig\u00e9nybev\u00e9tele fel\u00e1ras opci\u00f3k\u00e9nt \u00e9rhet\u0151 el, amely kellemes kieg\u00e9sz\u00edt\u00e9se lehet n\u00e1lunk t\u00f6lt\u00f6tt pihen\u00e9s\u00fcknek. Id\u0151pontfoglal\u00e1s a k\u00f6zponti el\u00e9rhet\u0151s\u00e9geinken kereszt\u00fcl lehets\u00e9ges. A szolg\u00e1ltat\u00e1s d\u00edja \u00e1tutal\u00e1ssal vagy k\u00e9szp\u00e9nzben rendezhet\u0151, k\u00f6zvetlen\u00fcl a massz\u0151rn\u00e9l, a helysz\u00ednen.<\/p>","protected":false},"author":5,"featured_media":6151,"parent":5494,"menu_order":0,"comment_status":"closed","ping_status":"closed","template":"elementor_header_footer","meta":{"_acf_changed":false,"footnotes":""},"class_list":["post-4762","page","type-page","status-publish","has-post-thumbnail","hentry"],"acf":[],"_links":{"self":[{"href":"https:\/\/sxrd.hu\/en\/wp-json\/wp\/v2\/pages\/4762","targetHints":{"allow":["GET"]}}],"collection":[{"href":"https:\/\/sxrd.hu\/en\/wp-json\/wp\/v2\/pages"}],"about":[{"href":"https:\/\/sxrd.hu\/en\/wp-json\/wp\/v2\/types\/page"}],"author":[{"embeddable":true,"href":"https:\/\/sxrd.hu\/en\/wp-json\/wp\/v2\/users\/5"}],"replies":[{"embeddable":true,"href":"https:\/\/sxrd.hu\/en\/wp-json\/wp\/v2\/comments?post=4762"}],"version-history":[{"count":2,"href":"https:\/\/sxrd.hu\/en\/wp-json\/wp\/v2\/pages\/4762\/revisions"}],"predecessor-version":[{"id":6257,"href":"https:\/\/sxrd.hu\/en\/wp-json\/wp\/v2\/pages\/4762\/revisions\/6257"}],"up":[{"embeddable":true,"href":"https:\/\/sxrd.hu\/en\/wp-json\/wp\/v2\/pages\/5494"}],"wp:featuredmedia":[{"embeddable":true,"href":"https:\/\/sxrd.hu\/en\/wp-json\/wp\/v2\/media\/6151"}],"wp:attachment":[{"href":"https:\/\/sxrd.hu\/en\/wp-json\/wp\/v2\/media?parent=4762"}],"curies":[{"name":"wp","href":"https:\/\/api.w.org\/{rel}","templated":true}]}}